{"id":384,"date":"2023-05-05T05:40:29","date_gmt":"2023-05-05T08:40:29","guid":{"rendered":"https:\/\/www.lidersport.com.br\/loja\/?page_id=384"},"modified":"2025-04-01T20:20:37","modified_gmt":"2025-04-01T23:20:37","slug":"colete-dupla-face","status":"publish","type":"page","link":"https:\/\/www.lidersport.com.br\/loja\/colete-dupla-face\/","title":{"rendered":"Colete Dupla Face"},"content":{"rendered":"<p>[et_pb_section fb_built=&#8221;1&#8243; _builder_version=&#8221;4.20.4&#8243; _module_preset=&#8221;default&#8221; global_colors_info=&#8221;{}&#8221;][et_pb_row column_structure=&#8221;1_2,1_2&#8243; _builder_version=&#8221;4.20.4&#8243; _module_preset=&#8221;default&#8221; global_colors_info=&#8221;{}&#8221;][et_pb_column type=&#8221;1_2&#8243; _builder_version=&#8221;4.20.4&#8243; _module_preset=&#8221;default&#8221; global_colors_info=&#8221;{}&#8221;][et_pb_gallery gallery_ids=&#8221;389,390,391,392,393,394&#8243; fullwidth=&#8221;on&#8221; _builder_version=&#8221;4.22.2&#8243; _module_preset=&#8221;default&#8221; auto=&#8221;on&#8221; global_colors_info=&#8221;{}&#8221;][\/et_pb_gallery][\/et_pb_column][et_pb_column type=&#8221;1_2&#8243; _builder_version=&#8221;4.20.4&#8243; _module_preset=&#8221;default&#8221; global_colors_info=&#8221;{}&#8221;][et_pb_text _builder_version=&#8221;4.21.0&#8243; _module_preset=&#8221;default&#8221; text_line_height=&#8221;1.2em&#8221; header_font=&#8221;|700|||||||&#8221; header_font_size=&#8221;38px&#8221; global_colors_info=&#8221;{}&#8221;]<\/p>\n<p><strong>LINHA<\/strong><\/p>\n<h1>COLETE DUPLA FACE<\/h1>\n<p>&nbsp;<\/p>\n<p><strong>ESCOLHA ENTRE<\/strong><br \/>\u2022 COLETE DUPLA FACE PERSONALIZADO<br \/>\u2022 COLETE DUPLA FACE LISO<\/p>\n<p>[\/et_pb_text][et_pb_button button_url=&#8221;https:\/\/api.whatsapp.com\/send?phone=5562998857026&#038;text=Ol%C3%A1,%20gostaria%20de%20solicitar%20or%C3%A7amento%20de%20Uniformes:%20Linha%20Colete%20Dupla%20Face&#8221; url_new_window=&#8221;on&#8221; button_text=&#8221;OR\u00c7AMENTO&#8221; _builder_version=&#8221;4.27.2&#8243; _module_preset=&#8221;default&#8221; custom_button=&#8221;on&#8221; button_text_color=&#8221;#EDF000&#8243; button_bg_color=&#8221;#000000&#8243; button_border_color=&#8221;#000000&#8243; custom_padding=&#8221;|100px||100px|false|true&#8221; custom_padding_tablet=&#8221;|100px||100px|false|true&#8221; custom_padding_phone=&#8221;|84px||84px|false|true&#8221; custom_padding_last_edited=&#8221;on|phone&#8221; global_colors_info=&#8221;{}&#8221; button_border_color__hover_enabled=&#8221;on|desktop&#8221; button_border_color__hover=&#8221;#EDF000&#8243;][\/et_pb_button][et_pb_button button_url=&#8221;https:\/\/www.lidersport.com.br\/simulador\/&#8221; url_new_window=&#8221;on&#8221; button_text=&#8221;SIMULADOR&#8221; _builder_version=&#8221;4.20.4&#8243; _module_preset=&#8221;default&#8221; custom_button=&#8221;on&#8221; z_index=&#8221;1&#8243; custom_margin=&#8221;-20px||||false|false&#8221; custom_padding=&#8221;||||false|false&#8221; button_text_size_tablet=&#8221;&#8221; button_text_size_phone=&#8221;18px&#8221; button_text_size_last_edited=&#8221;on|phone&#8221; custom_css_main_element=&#8221;float:left&#8221; global_colors_info=&#8221;{}&#8221;][\/et_pb_button][et_pb_button button_url=&#8221;https:\/\/www.lidersport.com.br\/loja\/catalogo&#8221; url_new_window=&#8221;on&#8221; button_text=&#8221;CAT\u00c1LOGO&#8221; _builder_version=&#8221;4.21.0&#8243; _module_preset=&#8221;default&#8221; custom_button=&#8221;on&#8221; transform_translate=&#8221;10px|0px&#8221; transform_translate_linked=&#8221;off&#8221; button_text_size_tablet=&#8221;&#8221; button_text_size_phone=&#8221;18px&#8221; button_text_size_last_edited=&#8221;on|phone&#8221; global_colors_info=&#8221;{}&#8221;][\/et_pb_button][\/et_pb_column][\/et_pb_row][et_pb_row _builder_version=&#8221;4.21.0&#8243; _module_preset=&#8221;default&#8221; custom_padding=&#8221;||0px||false|false&#8221; global_colors_info=&#8221;{}&#8221;][et_pb_column type=&#8221;4_4&#8243; _builder_version=&#8221;4.20.4&#8243; _module_preset=&#8221;default&#8221; global_colors_info=&#8221;{}&#8221;][et_pb_divider color=&#8221;#000000&#8243; divider_weight=&#8221;2px&#8221; _builder_version=&#8221;4.20.4&#8243; _module_preset=&#8221;default&#8221; global_colors_info=&#8221;{}&#8221;][\/et_pb_divider][et_pb_text _builder_version=&#8221;4.20.4&#8243; _module_preset=&#8221;default&#8221; header_font=&#8221;|600|||||||&#8221; text_orientation=&#8221;center&#8221; custom_margin=&#8221;-24px||||false|false&#8221; header_font_size_tablet=&#8221;&#8221; header_font_size_phone=&#8221;20px&#8221; header_font_size_last_edited=&#8221;on|phone&#8221; global_colors_info=&#8221;{}&#8221;]<\/p>\n<h1>DESCRI\u00c7\u00c3O DO PRODUTO<\/h1>\n<p>[\/et_pb_text][\/et_pb_column][\/et_pb_row][et_pb_row column_structure=&#8221;1_3,1_3,1_3&#8243; _builder_version=&#8221;4.20.4&#8243; _module_preset=&#8221;default&#8221; global_colors_info=&#8221;{}&#8221;][et_pb_column type=&#8221;1_3&#8243; _builder_version=&#8221;4.20.4&#8243; _module_preset=&#8221;default&#8221; global_colors_info=&#8221;{}&#8221;][et_pb_image src=&#8221;https:\/\/www.lidersport.com.br\/loja\/wp-content\/uploads\/2023\/05\/detalhe1-3.jpg&#8221; alt=&#8221;Lider Sport &#8211; uniformes esportivos &#8211; Colete Dupla Face &#8211; Personalizado&#8221; title_text=&#8221;Lider Sport &#8211; uniformes esportivos &#8211; Colete Dupla Face &#8211; Personalizado&#8221; _builder_version=&#8221;4.21.0&#8243; _module_preset=&#8221;default&#8221; box_shadow_style=&#8221;preset6&#8243; global_colors_info=&#8221;{}&#8221;][\/et_pb_image][et_pb_text _builder_version=&#8221;4.27.2&#8243; _module_preset=&#8221;default&#8221; text_line_height=&#8221;1.2em&#8221; ul_font_size=&#8221;13px&#8221; ul_line_height=&#8221;1.2em&#8221; header_font=&#8221;Abyssinica SIL|700|||||||&#8221; header_font_size=&#8221;38px&#8221; header_2_font=&#8221;|600|||||||&#8221; header_6_font=&#8221;|700|||||||&#8221; custom_margin=&#8221;||0px||false|false&#8221; custom_padding=&#8221;||||false|false&#8221; hover_enabled=&#8221;0&#8243; global_colors_info=&#8221;{}&#8221; sticky_enabled=&#8221;0&#8243;]<\/p>\n<h2>COLETE DUPLA FACE<\/h2>\n<h6>PERSONALIZADO<\/h6>\n<ul>\n<li>TECIDO DRY UV 35+ SUBLIMADO<\/li>\n<li>ESCUDO SUBLIMADO<\/li>\n<li>PODENDO ESCOLHER MODELOS DO SIMULADOR<\/li>\n<li>PATROC\u00cdNIOS<\/li>\n<li>NOMES INDIVIDUAIS + R$5,00 Cada.<\/li>\n<\/ul>\n<p>[\/et_pb_text][et_pb_button button_url=&#8221;https:\/\/api.whatsapp.com\/send?phone=5562998857026&#038;text=Ol%C3%A1,%20gostaria%20de%20solicitar%20or%C3%A7amento%20de%20Uniformes:%20Linha%20Colete%20Dupla%20Face&#8221; url_new_window=&#8221;on&#8221; button_text=&#8221;R$ 60,00&#8243; _builder_version=&#8221;4.27.2&#8243; _module_preset=&#8221;default&#8221; custom_button=&#8221;on&#8221; button_text_color=&#8221;#000000&#8243; button_bg_color=&#8221;#E09900&#8243; button_bg_use_color_gradient=&#8221;on&#8221; button_bg_color_gradient_direction=&#8221;137deg&#8221; button_bg_color_gradient_stops=&#8221;#e09900 87%|#ffffff 88%|#ffffff 89%|#000000 90%&#8221; button_border_color=&#8221;#FFFFFF&#8221; button_font=&#8221;|700|||||||&#8221; button_icon=&#8221;&#x45;||divi||400&#8243; custom_margin=&#8221;||0px||false|false&#8221; global_colors_info=&#8221;{}&#8221; button_border_color__hover_enabled=&#8221;on|hover&#8221; button_border_color__hover=&#8221;#FFFFFF&#8221;][\/et_pb_button][\/et_pb_column][et_pb_column type=&#8221;1_3&#8243; _builder_version=&#8221;4.20.4&#8243; _module_preset=&#8221;default&#8221; global_colors_info=&#8221;{}&#8221;][et_pb_image src=&#8221;https:\/\/www.lidersport.com.br\/loja\/wp-content\/uploads\/2023\/05\/detalhe2-3.jpg&#8221; alt=&#8221;Lider Sport &#8211; uniformes esportivos &#8211; Colete Dupla Face &#8211; Liso&#8221; title_text=&#8221;Lider Sport &#8211; uniformes esportivos &#8211; Colete Dupla Face &#8211; Liso&#8221; _builder_version=&#8221;4.21.0&#8243; _module_preset=&#8221;default&#8221; box_shadow_style=&#8221;preset6&#8243; global_colors_info=&#8221;{}&#8221;][\/et_pb_image][et_pb_text _builder_version=&#8221;4.21.0&#8243; _module_preset=&#8221;default&#8221; text_line_height=&#8221;1.2em&#8221; ul_font_size=&#8221;13px&#8221; ul_line_height=&#8221;1.2em&#8221; header_font=&#8221;Abyssinica SIL|700|||||||&#8221; header_font_size=&#8221;38px&#8221; header_2_font=&#8221;|600|||||||&#8221; header_6_font=&#8221;|700|||||||&#8221; custom_margin=&#8221;||0px||false|false&#8221; global_colors_info=&#8221;{}&#8221;]<\/p>\n<h2>COLETE DUPLA FACE<\/h2>\n<h6>LISO<\/h6>\n<ul>\n<li>TECIDO DRY<\/li>\n<li>PODENDO ESCOLHER AS CORES FRENTE E VERSO<\/li>\n<\/ul>\n<p>[\/et_pb_text][et_pb_button button_url=&#8221;https:\/\/api.whatsapp.com\/send?phone=5562998857026&#038;text=Ol%C3%A1,%20gostaria%20de%20solicitar%20or%C3%A7amento%20de%20Uniformes:%20Linha%20Colete%20Dupla%20Face&#8221; url_new_window=&#8221;on&#8221; button_text=&#8221;R$ 33,00&#8243; _builder_version=&#8221;4.27.2&#8243; _module_preset=&#8221;default&#8221; custom_button=&#8221;on&#8221; button_text_color=&#8221;#000000&#8243; button_bg_color=&#8221;#E09900&#8243; button_bg_use_color_gradient=&#8221;on&#8221; button_bg_color_gradient_direction=&#8221;137deg&#8221; button_bg_color_gradient_stops=&#8221;#e09900 87%|#ffffff 88%|#ffffff 89%|#000000 90%&#8221; button_border_color=&#8221;#FFFFFF&#8221; button_font=&#8221;|700|||||||&#8221; button_icon=&#8221;&#x45;||divi||400&#8243; global_colors_info=&#8221;{}&#8221; button_border_color__hover_enabled=&#8221;on|hover&#8221; button_border_color__hover=&#8221;#FFFFFF&#8221;][\/et_pb_button][\/et_pb_column][et_pb_column type=&#8221;1_3&#8243; _builder_version=&#8221;4.20.4&#8243; _module_preset=&#8221;default&#8221; global_colors_info=&#8221;{}&#8221;][\/et_pb_column][\/et_pb_row][et_pb_row _builder_version=&#8221;4.21.0&#8243; _module_preset=&#8221;default&#8221; global_colors_info=&#8221;{}&#8221;][et_pb_column type=&#8221;4_4&#8243; _builder_version=&#8221;4.21.0&#8243; _module_preset=&#8221;default&#8221; global_colors_info=&#8221;{}&#8221;][et_pb_text _builder_version=&#8221;4.21.0&#8243; _module_preset=&#8221;default&#8221; text_font=&#8221;||||||||&#8221; global_colors_info=&#8221;{}&#8221;]<\/p>\n<p><strong>OBSERVA\u00c7\u00c3O:<\/strong><\/p>\n<p>O modelo do uniforme selecionado pode ser personalizado nos seguintes itens; escudo, cores do uniforme e suas logomarcas. <strong>QUANTIDADE M\u00cdNIMA PARA PRODU\u00c7\u00c3O 10 KITS.<\/strong><\/p>\n<p>[\/et_pb_text][\/et_pb_column][\/et_pb_row][\/et_pb_section]<\/p>\n<span class=\"et_bloom_bottom_trigger\"><\/span>","protected":false},"excerpt":{"rendered":"<p>LINHA COLETE DUPLA FACE &nbsp; ESCOLHA ENTRE\u2022 COLETE DUPLA FACE PERSONALIZADO\u2022 COLETE DUPLA FACE LISODESCRI\u00c7\u00c3O DO PRODUTOCOLETE DUPLA FACE PERSONALIZADO TECIDO DRY UV 35+ SUBLIMADO ESCUDO SUBLIMADO PODENDO ESCOLHER MODELOS DO SIMULADOR PATROC\u00cdNIOS NOMES INDIVIDUAIS + R$5,00 Cada. COLETE DUPLA FACE LISO TECIDO DRY PODENDO ESCOLHER AS CORES FRENTE E VERSO OBSERVA\u00c7\u00c3O: O modelo do [&hellip;]<\/p>\n","protected":false},"author":2,"featured_media":0,"parent":0,"menu_order":0,"comment_status":"closed","ping_status":"closed","template":"","meta":{"_et_pb_use_builder":"on","_et_pb_old_content":"","_et_gb_content_width":"","footnotes":""},"class_list":["post-384","page","type-page","status-publish","hentry"],"jetpack-related-posts":[{"id":47,"url":"https:\/\/www.lidersport.com.br\/loja\/contato\/","url_meta":{"origin":384,"position":0},"title":"Contato","author":"Lider Sport","date":"18\/04\/2023","format":false,"excerpt":"","rel":"","context":"Post similar","block_context":{"text":"Post similar","link":""},"img":{"alt_text":"","src":"","width":0,"height":0},"classes":[]},{"id":25,"url":"https:\/\/www.lidersport.com.br\/loja\/sobre\/","url_meta":{"origin":384,"position":1},"title":"Sobre","author":"Lider Sport","date":"18\/04\/2023","format":false,"excerpt":"","rel":"","context":"Post similar","block_context":{"text":"Post similar","link":""},"img":{"alt_text":"","src":"","width":0,"height":0},"classes":[]},{"id":443,"url":"https:\/\/www.lidersport.com.br\/loja\/faixa-capitao\/","url_meta":{"origin":384,"position":2},"title":"Faixa Capit\u00e3o","author":"Lider Sport","date":"09\/05\/2023","format":false,"excerpt":"","rel":"","context":"Post similar","block_context":{"text":"Post similar","link":""},"img":{"alt_text":"","src":"","width":0,"height":0},"classes":[]},{"id":45,"url":"https:\/\/www.lidersport.com.br\/loja\/bandeiras\/","url_meta":{"origin":384,"position":3},"title":"Bandeiras","author":"Lider Sport","date":"18\/04\/2023","format":false,"excerpt":"","rel":"","context":"Post similar","block_context":{"text":"Post similar","link":""},"img":{"alt_text":"","src":"","width":0,"height":0},"classes":[]},{"id":445,"url":"https:\/\/www.lidersport.com.br\/loja\/bandeira-escanteio\/","url_meta":{"origin":384,"position":4},"title":"Bandeira Escanteio","author":"Lider Sport","date":"09\/05\/2023","format":false,"excerpt":"","rel":"","context":"Post similar","block_context":{"text":"Post similar","link":""},"img":{"alt_text":"","src":"","width":0,"height":0},"classes":[]},{"id":27,"url":"https:\/\/www.lidersport.com.br\/loja\/catalogo\/","url_meta":{"origin":384,"position":5},"title":"Cat\u00e1logo","author":"Lider Sport","date":"18\/04\/2023","format":false,"excerpt":"","rel":"","context":"Post similar","block_context":{"text":"Post similar","link":""},"img":{"alt_text":"","src":"","width":0,"height":0},"classes":[]}],"jetpack_sharing_enabled":true,"_links":{"self":[{"href":"https:\/\/www.lidersport.com.br\/loja\/wp-json\/wp\/v2\/pages\/384","targetHints":{"allow":["GET"]}}],"collection":[{"href":"https:\/\/www.lidersport.com.br\/loja\/wp-json\/wp\/v2\/pages"}],"about":[{"href":"https:\/\/www.lidersport.com.br\/loja\/wp-json\/wp\/v2\/types\/page"}],"author":[{"embeddable":true,"href":"https:\/\/www.lidersport.com.br\/loja\/wp-json\/wp\/v2\/users\/2"}],"replies":[{"embeddable":true,"href":"https:\/\/www.lidersport.com.br\/loja\/wp-json\/wp\/v2\/comments?post=384"}],"version-history":[{"count":9,"href":"https:\/\/www.lidersport.com.br\/loja\/wp-json\/wp\/v2\/pages\/384\/revisions"}],"predecessor-version":[{"id":2801,"href":"https:\/\/www.lidersport.com.br\/loja\/wp-json\/wp\/v2\/pages\/384\/revisions\/2801"}],"wp:attachment":[{"href":"https:\/\/www.lidersport.com.br\/loja\/wp-json\/wp\/v2\/media?parent=384"}],"curies":[{"name":"wp","href":"https:\/\/api.w.org\/{rel}","templated":true}]}}