{"id":46,"date":"2023-04-18T22:06:36","date_gmt":"2023-04-19T01:06:36","guid":{"rendered":"https:\/\/www.lidersport.com.br\/loja\/?page_id=46"},"modified":"2023-07-24T14:11:35","modified_gmt":"2023-07-24T17:11:35","slug":"representantes","status":"publish","type":"page","link":"https:\/\/www.lidersport.com.br\/loja\/representantes\/","title":{"rendered":"Representantes"},"content":{"rendered":"<p>[et_pb_section fb_built=&#8221;1&#8243; _builder_version=&#8221;4.20.4&#8243; _module_preset=&#8221;default&#8221; locked=&#8221;off&#8221; global_colors_info=&#8221;{}&#8221;][et_pb_row _builder_version=&#8221;4.20.4&#8243; _module_preset=&#8221;default&#8221; global_colors_info=&#8221;{}&#8221;][et_pb_column type=&#8221;4_4&#8243; _builder_version=&#8221;4.20.4&#8243; _module_preset=&#8221;default&#8221; global_colors_info=&#8221;{}&#8221;][et_pb_text _builder_version=&#8221;4.21.0&#8243; _module_preset=&#8221;default&#8221; text_line_height=&#8221;1.2em&#8221; header_font=&#8221;|700|||||||&#8221; header_font_size=&#8221;32px&#8221; hover_enabled=&#8221;0&#8243; header_font_size_tablet=&#8221;38px&#8221; header_font_size_phone=&#8221;28px&#8221; header_font_size_last_edited=&#8221;on|phone&#8221; global_colors_info=&#8221;{}&#8221; sticky_enabled=&#8221;0&#8243;]<\/p>\n<p><strong>NOSSOS<\/strong><\/p>\n<h1>REPRESENTANTES<\/h1>\n<p>Encontre um Representante L\u00edder Sport mais pr\u00f3ximo de voc\u00ea!<\/p>\n<p>[\/et_pb_text][et_pb_divider color=&#8221;#000000&#8243; divider_weight=&#8221;2px&#8221; _builder_version=&#8221;4.20.4&#8243; _module_preset=&#8221;default&#8221; global_colors_info=&#8221;{}&#8221;][\/et_pb_divider][\/et_pb_column][\/et_pb_row][et_pb_row column_structure=&#8221;1_6,1_6,1_6,1_6,1_6,1_6&#8243; _builder_version=&#8221;4.21.0&#8243; _module_preset=&#8221;default&#8221; global_colors_info=&#8221;{}&#8221;][et_pb_column type=&#8221;1_6&#8243; _builder_version=&#8221;4.21.0&#8243; _module_preset=&#8221;default&#8221; global_colors_info=&#8221;{}&#8221;][et_pb_text _builder_version=&#8221;4.21.0&#8243; _module_preset=&#8221;default&#8221; text_font=&#8221;||||||||&#8221; text_font_size=&#8221;14px&#8221; hover_enabled=&#8221;0&#8243; global_colors_info=&#8221;{}&#8221; sticky_enabled=&#8221;0&#8243;]<\/p>\n<p><strong>BRAS\u00cdLIA-DF<\/strong><\/p>\n<p>[\/et_pb_text][et_pb_text _builder_version=&#8221;4.21.0&#8243; _module_preset=&#8221;default&#8221; text_font_size=&#8221;14px&#8221; text_line_height=&#8221;1.3em&#8221; global_colors_info=&#8221;{}&#8221;]<\/p>\n<p><strong>L\u00cdDER SPORT<\/strong><br \/><span>QSD 21, LOTE 01<br \/>LOJA 4<\/span><br \/><span>TAGUATINGA<\/span><br \/>(61) 3046-2583<\/p>\n<p><strong>NINIM<\/strong><br \/>PLANALTINA<br \/>61 99649-4248<\/p>\n<p><strong>AZENILDA<\/strong><br \/>LUZI\u00c2NIA<br \/>JARDIM ING\u00c1<br \/>61 99970-4919<\/p>\n<p>[\/et_pb_text][\/et_pb_column][et_pb_column type=&#8221;1_6&#8243; _builder_version=&#8221;4.21.0&#8243; _module_preset=&#8221;default&#8221; global_colors_info=&#8221;{}&#8221;][et_pb_text _builder_version=&#8221;4.21.0&#8243; _module_preset=&#8221;default&#8221; text_font=&#8221;||||||||&#8221; text_font_size=&#8221;14px&#8221; hover_enabled=&#8221;0&#8243; global_colors_info=&#8221;{}&#8221; sticky_enabled=&#8221;0&#8243;]<\/p>\n<p><strong>GOI\u00c1S<\/strong><\/p>\n<p>[\/et_pb_text][et_pb_text _builder_version=&#8221;4.21.0&#8243; _module_preset=&#8221;default&#8221; text_font_size=&#8221;14px&#8221; text_line_height=&#8221;1.3em&#8221; global_colors_info=&#8221;{}&#8221;]<\/p>\n<p><strong>GUIMAR\u00c3ES SPORT<\/strong><br \/>AN\u00c1POLIS<br \/>62 99106-7519<br \/>62 3324-1447<\/p>\n<p><strong>ESPORTES CENTRAL<\/strong><br \/>CATAL\u00c3O<br \/>64 99644-4645<br \/>64 3441-2752<\/p>\n<p><strong>DUPASSO SPORT<\/strong><br \/>S\u00c3O LUIS<br \/>MONTES BELOS<br \/>64 99948-0034<\/p>\n<p><strong>CASA PALMEIRAS<\/strong><br \/>IPOR\u00c1<br \/>64 99963-3399<br \/>64 3674-1750<\/p>\n<p><strong>GOI\u00c1S\u00a0 ESPORTES<\/strong><br \/>RIO VERDE<br \/>(64) 3050-2035<br \/>(64) 99601-0600<\/p>\n<p>[\/et_pb_text][\/et_pb_column][et_pb_column type=&#8221;1_6&#8243; _builder_version=&#8221;4.21.0&#8243; _module_preset=&#8221;default&#8221; global_colors_info=&#8221;{}&#8221;][et_pb_text _builder_version=&#8221;4.21.0&#8243; _module_preset=&#8221;default&#8221; text_font=&#8221;||||||||&#8221; text_font_size=&#8221;14px&#8221; hover_enabled=&#8221;0&#8243; global_colors_info=&#8221;{}&#8221; sticky_enabled=&#8221;0&#8243;]<\/p>\n<p><strong>MINAS GERAIS<\/strong><\/p>\n<p>[\/et_pb_text][et_pb_text _builder_version=&#8221;4.21.0&#8243; _module_preset=&#8221;default&#8221; text_font_size=&#8221;14px&#8221; text_line_height=&#8221;1.3em&#8221; global_colors_info=&#8221;{}&#8221;]<\/p>\n<p><strong>LOJAS EDUARDO<\/strong><br \/>ITUIUTABA<br \/>34 98833-8589<\/p>\n<p>[\/et_pb_text][\/et_pb_column][et_pb_column type=&#8221;1_6&#8243; _builder_version=&#8221;4.21.0&#8243; _module_preset=&#8221;default&#8221; global_colors_info=&#8221;{}&#8221;][et_pb_text _builder_version=&#8221;4.21.0&#8243; _module_preset=&#8221;default&#8221; text_font=&#8221;||||||||&#8221; text_font_size=&#8221;14px&#8221; hover_enabled=&#8221;0&#8243; global_colors_info=&#8221;{}&#8221; sticky_enabled=&#8221;0&#8243;]<\/p>\n<p><strong>TOCANTINS<\/strong><\/p>\n<p>[\/et_pb_text][et_pb_text _builder_version=&#8221;4.21.0&#8243; _module_preset=&#8221;default&#8221; text_font_size=&#8221;14px&#8221; text_line_height=&#8221;1.3em&#8221; global_colors_info=&#8221;{}&#8221;]<\/p>\n<p><strong>COMBATE ESPORTES<\/strong><br \/>GURUPI<br \/>63 98453-3075<\/p>\n<p><strong>BRAZ SPORTS<\/strong><br \/>GURUPI<br \/>63 3312-4910<\/p>\n<p>[\/et_pb_text][\/et_pb_column][et_pb_column type=&#8221;1_6&#8243; _builder_version=&#8221;4.21.0&#8243; _module_preset=&#8221;default&#8221; global_colors_info=&#8221;{}&#8221;][et_pb_text _builder_version=&#8221;4.21.0&#8243; _module_preset=&#8221;default&#8221; text_font=&#8221;||||||||&#8221; text_font_size=&#8221;14px&#8221; hover_enabled=&#8221;0&#8243; global_colors_info=&#8221;{}&#8221; sticky_enabled=&#8221;0&#8243;]<\/p>\n<p><strong>MATO GROSSO<\/strong><\/p>\n<p>[\/et_pb_text][et_pb_text _builder_version=&#8221;4.21.0&#8243; _module_preset=&#8221;default&#8221; text_font_size=&#8221;14px&#8221; text_line_height=&#8221;1.3em&#8221; global_colors_info=&#8221;{}&#8221;]<\/p>\n<p><strong>PLANETA ESPORTES<\/strong><br \/>QUER\u00caNCIA<br \/>66 98423-7824<\/p>\n<p>[\/et_pb_text][\/et_pb_column][et_pb_column type=&#8221;1_6&#8243; _builder_version=&#8221;4.21.0&#8243; _module_preset=&#8221;default&#8221; global_colors_info=&#8221;{}&#8221;][et_pb_text _builder_version=&#8221;4.21.0&#8243; _module_preset=&#8221;default&#8221; text_font=&#8221;||||||||&#8221; text_font_size=&#8221;14px&#8221; hover_enabled=&#8221;0&#8243; global_colors_info=&#8221;{}&#8221; sticky_enabled=&#8221;0&#8243;]<\/p>\n<p><strong>PAR\u00c1<\/strong><\/p>\n<p>[\/et_pb_text][et_pb_text _builder_version=&#8221;4.21.0&#8243; _module_preset=&#8221;default&#8221; text_font_size=&#8221;14px&#8221; text_line_height=&#8221;1.3em&#8221; global_colors_info=&#8221;{}&#8221;]<\/p>\n<p><strong>RONY MULTIMARCAS<\/strong><br \/>SANTANA DO ARAGUAIA<br \/>62 98121-5805<\/p>\n<p>[\/et_pb_text][\/et_pb_column][\/et_pb_row][\/et_pb_section]<\/p>\n<span class=\"et_bloom_bottom_trigger\"><\/span>","protected":false},"excerpt":{"rendered":"<p>NOSSOS REPRESENTANTES Encontre um Representante L\u00edder Sport mais pr\u00f3ximo de voc\u00ea!BRAS\u00cdLIA-DFL\u00cdDER SPORTQSD 21, LOTE 01LOJA 4TAGUATINGA(61) 3046-2583 NINIMPLANALTINA61 99649-4248 AZENILDALUZI\u00c2NIAJARDIM ING\u00c161 99970-4919GOI\u00c1SGUIMAR\u00c3ES SPORTAN\u00c1POLIS62 99106-751962 3324-1447 ESPORTES CENTRALCATAL\u00c3O64 99644-464564 3441-2752 DUPASSO SPORTS\u00c3O LUISMONTES BELOS64 99948-0034 CASA PALMEIRASIPOR\u00c164 99963-339964 3674-1750 GOI\u00c1S\u00a0 ESPORTESRIO VERDE(64) 3050-2035(64) 99601-0600MINAS GERAISLOJAS EDUARDOITUIUTABA34 98833-8589TOCANTINSCOMBATE ESPORTESGURUPI63 98453-3075 BRAZ SPORTSGURUPI63 3312-4910MATO GROSSOPLANETA ESPORTESQUER\u00caNCIA66 98423-7824PAR\u00c1RONY MULTIMARCASSANTANA [&hellip;]<\/p>\n","protected":false},"author":2,"featured_media":0,"parent":0,"menu_order":0,"comment_status":"closed","ping_status":"closed","template":"","meta":{"_et_pb_use_builder":"on","_et_pb_old_content":"","_et_gb_content_width":"","footnotes":""},"class_list":["post-46","page","type-page","status-publish","hentry"],"jetpack-related-posts":[{"id":25,"url":"https:\/\/www.lidersport.com.br\/loja\/sobre\/","url_meta":{"origin":46,"position":0},"title":"Sobre","author":"Lider Sport","date":"18\/04\/2023","format":false,"excerpt":"","rel":"","context":"Post similar","block_context":{"text":"Post similar","link":""},"img":{"alt_text":"","src":"","width":0,"height":0},"classes":[]},{"id":47,"url":"https:\/\/www.lidersport.com.br\/loja\/contato\/","url_meta":{"origin":46,"position":1},"title":"Contato","author":"Lider Sport","date":"18\/04\/2023","format":false,"excerpt":"","rel":"","context":"Post similar","block_context":{"text":"Post similar","link":""},"img":{"alt_text":"","src":"","width":0,"height":0},"classes":[]},{"id":23,"url":"https:\/\/www.lidersport.com.br\/loja\/","url_meta":{"origin":46,"position":2},"title":"In\u00edcio","author":"Lider Sport","date":"18\/04\/2023","format":false,"excerpt":"","rel":"","context":"Post similar","block_context":{"text":"Post similar","link":""},"img":{"alt_text":"","src":"","width":0,"height":0},"classes":[]},{"id":2302,"url":"https:\/\/www.lidersport.com.br\/loja\/termos-de-uso-e-servico\/","url_meta":{"origin":46,"position":3},"title":"Termos de Uso e Servi\u00e7o","author":"Iron Mascarenhas","date":"07\/10\/2023","format":false,"excerpt":"Termos de uso e servi\u00e7o importante! esses termos de servi\u00e7o regulam o uso deste site disponibilizado pela L\u00edder Sport. Ao acessar a esse site, voc\u00ea atesta seu conhecimento e concord\u00e2ncia com esses \"Termos de Uso\". esses termos de uso podem ser alterados a qualquer tempo e sem aviso. a utiliza\u00e7\u00e3o\u2026","rel":"","context":"Post similar","block_context":{"text":"Post similar","link":""},"img":{"alt_text":"","src":"","width":0,"height":0},"classes":[]}],"jetpack_sharing_enabled":true,"_links":{"self":[{"href":"https:\/\/www.lidersport.com.br\/loja\/wp-json\/wp\/v2\/pages\/46","targetHints":{"allow":["GET"]}}],"collection":[{"href":"https:\/\/www.lidersport.com.br\/loja\/wp-json\/wp\/v2\/pages"}],"about":[{"href":"https:\/\/www.lidersport.com.br\/loja\/wp-json\/wp\/v2\/types\/page"}],"author":[{"embeddable":true,"href":"https:\/\/www.lidersport.com.br\/loja\/wp-json\/wp\/v2\/users\/2"}],"replies":[{"embeddable":true,"href":"https:\/\/www.lidersport.com.br\/loja\/wp-json\/wp\/v2\/comments?post=46"}],"version-history":[{"count":13,"href":"https:\/\/www.lidersport.com.br\/loja\/wp-json\/wp\/v2\/pages\/46\/revisions"}],"predecessor-version":[{"id":1416,"href":"https:\/\/www.lidersport.com.br\/loja\/wp-json\/wp\/v2\/pages\/46\/revisions\/1416"}],"wp:attachment":[{"href":"https:\/\/www.lidersport.com.br\/loja\/wp-json\/wp\/v2\/media?parent=46"}],"curies":[{"name":"wp","href":"https:\/\/api.w.org\/{rel}","templated":true}]}}