{"id":609,"date":"2023-06-01T16:01:07","date_gmt":"2023-06-01T19:01:07","guid":{"rendered":"https:\/\/www.lidersport.com.br\/loja\/?page_id=609"},"modified":"2025-11-18T18:04:10","modified_gmt":"2025-11-18T21:04:10","slug":"tamanhos-medidas","status":"publish","type":"page","link":"https:\/\/www.lidersport.com.br\/loja\/tamanhos-medidas\/","title":{"rendered":"Tamanhos &#038; Medidas"},"content":{"rendered":"<p>[et_pb_section fb_built=&#8221;1&#8243; _builder_version=&#8221;4.21.0&#8243; _module_preset=&#8221;default&#8221; background_color=&#8221;#eef3f7&#8243; custom_padding=&#8221;||0px|||&#8221; global_colors_info=&#8221;{}&#8221;][et_pb_row _builder_version=&#8221;4.20.4&#8243; _module_preset=&#8221;default&#8221; custom_padding=&#8221;||0px|||&#8221; locked=&#8221;off&#8221; global_colors_info=&#8221;{}&#8221;][et_pb_column type=&#8221;4_4&#8243; _builder_version=&#8221;4.20.4&#8243; _module_preset=&#8221;default&#8221; global_colors_info=&#8221;{}&#8221;][et_pb_text _builder_version=&#8221;4.21.0&#8243; _module_preset=&#8221;default&#8221; text_line_height=&#8221;1.2em&#8221; header_font=&#8221;|700|||||||&#8221; header_font_size=&#8221;38px&#8221; global_colors_info=&#8221;{}&#8221;]<\/p>\n<p><strong>TAMANHOS &amp;<\/strong><\/p>\n<h1>MEDIDAS<\/h1>\n<p>Baixe e Compartilhe com a sua equipe as <span style=\"text-decoration: underline;\"><strong>Tabelas de Tamanhos<\/strong><\/span> L\u00edder Sport Uniformes Esportivos.<\/p>\n<p>[\/et_pb_text][et_pb_divider color=&#8221;#000000&#8243; divider_weight=&#8221;2px&#8221; _builder_version=&#8221;4.20.4&#8243; _module_preset=&#8221;default&#8221; global_colors_info=&#8221;{}&#8221;][\/et_pb_divider][\/et_pb_column][\/et_pb_row][\/et_pb_section][et_pb_section fb_built=&#8221;1&#8243; _builder_version=&#8221;4.21.0&#8243; _module_preset=&#8221;default&#8221; background_color=&#8221;#eef3f7&#8243; custom_padding=&#8221;||0px||false|false&#8221; global_colors_info=&#8221;{}&#8221;][et_pb_row make_equal=&#8221;on&#8221; _builder_version=&#8221;4.27.4&#8243; _module_preset=&#8221;default&#8221; width=&#8221;100%&#8221; max_width=&#8221;1288px&#8221; custom_padding=&#8221;0px||||false|false&#8221; global_colors_info=&#8221;{}&#8221;][et_pb_column type=&#8221;4_4&#8243; _builder_version=&#8221;4.21.0&#8243; _module_preset=&#8221;default&#8221; custom_css_main_element=&#8221;margin:auto;&#8221; global_colors_info=&#8221;{}&#8221;][et_pb_text _builder_version=&#8221;4.27.4&#8243; _module_preset=&#8221;default&#8221; text_text_color=&#8221;#000000&#8243; text_font_size=&#8221;24px&#8221; text_line_height=&#8221;1.2em&#8221; header_font=&#8221;|700|||||||&#8221; header_font_size=&#8221;38px&#8221; text_orientation=&#8221;center&#8221; global_colors_info=&#8221;{}&#8221;]<\/p>\n<p>TAMANHOS MOLDE CONVENCIONAL<\/p>\n<p>[\/et_pb_text][et_pb_text _builder_version=&#8221;4.27.4&#8243; _module_preset=&#8221;default&#8221; text_text_color=&#8221;#FFFFFF&#8221; text_font_size=&#8221;21px&#8221; background_color=&#8221;#E02B20&#8243; text_orientation=&#8221;center&#8221; module_alignment=&#8221;center&#8221; custom_padding=&#8221;5px||5px|15px|true|false&#8221; border_radii=&#8221;on|20px|20px|20px|20px&#8221; global_colors_info=&#8221;{}&#8221;]<\/p>\n<p>Aten\u00e7\u00e3o: Medidas Aproximadas<\/p>\n<p>[\/et_pb_text][et_pb_image src=&#8221;https:\/\/www.lidersport.com.br\/loja\/wp-content\/uploads\/2025\/11\/01.1-TAMANHO-ADULTO-NOVO-2025-scaled.jpg&#8221; alt=&#8221;Lider Sport &#8211; uniformes esportivos &#8211; Tamanhos &#8211; Adulto Convencional&#8221; title_text=&#8221;01.1 &#8211; TAMANHO ADULTO &#8211; NOVO 2025&#8243; url=&#8221;https:\/\/www.lidersport.com.br\/loja\/wp-content\/uploads\/2025\/11\/01.1-TAMANHO-ADULTO-NOVO-2025-scaled.jpg&#8221; _builder_version=&#8221;4.27.4&#8243; _module_preset=&#8221;default&#8221; width=&#8221;50%&#8221; max_width=&#8221;68%&#8221; module_alignment=&#8221;center&#8221; custom_margin=&#8221;|322px||||&#8221; global_colors_info=&#8221;{}&#8221;][\/et_pb_image][\/et_pb_column][\/et_pb_row][\/et_pb_section][et_pb_section fb_built=&#8221;1&#8243; _builder_version=&#8221;4.21.0&#8243; _module_preset=&#8221;default&#8221; background_color=&#8221;#eef3f7&#8243; custom_margin=&#8221;-31px|||||&#8221; custom_padding=&#8221;||0px||false|false&#8221; global_colors_info=&#8221;{}&#8221;][et_pb_row make_equal=&#8221;on&#8221; _builder_version=&#8221;4.27.4&#8243; _module_preset=&#8221;default&#8221; width=&#8221;100%&#8221; max_width=&#8221;1288px&#8221; min_height=&#8221;879px&#8221; custom_padding=&#8221;0px||||false|false&#8221; global_colors_info=&#8221;{}&#8221;][et_pb_column type=&#8221;4_4&#8243; _builder_version=&#8221;4.21.0&#8243; _module_preset=&#8221;default&#8221; custom_css_main_element=&#8221;margin:auto;&#8221; global_colors_info=&#8221;{}&#8221;][et_pb_image src=&#8221;https:\/\/www.lidersport.com.br\/loja\/wp-content\/uploads\/2025\/11\/01.2-TAMANHO-BABY-LOOK-NOVO-2025-scaled.jpg&#8221; alt=&#8221;Lider Sport &#8211; uniformes esportivos &#8211; Tamanhos &#8211; Adulto Convencional&#8221; title_text=&#8221;01.2 &#8211; TAMANHO BABY LOOK &#8211; NOVO 2025&#8243; url=&#8221;https:\/\/www.lidersport.com.br\/loja\/wp-content\/uploads\/2024\/07\/1.1-BABY-LOOK-FEMININA-01-2024-scaled.jpg&#8221; _builder_version=&#8221;4.27.4&#8243; _module_preset=&#8221;default&#8221; width=&#8221;50%&#8221; max_width=&#8221;68%&#8221; module_alignment=&#8221;center&#8221; custom_margin=&#8221;|322px||||&#8221; global_colors_info=&#8221;{}&#8221;][\/et_pb_image][\/et_pb_column][\/et_pb_row][\/et_pb_section][et_pb_section fb_built=&#8221;1&#8243; _builder_version=&#8221;4.21.0&#8243; _module_preset=&#8221;default&#8221; background_color=&#8221;#eef3f7&#8243; custom_padding=&#8221;||0px||false|false&#8221; global_colors_info=&#8221;{}&#8221;][et_pb_row make_equal=&#8221;on&#8221; _builder_version=&#8221;4.27.4&#8243; _module_preset=&#8221;default&#8221; width=&#8221;100%&#8221; max_width=&#8221;1288px&#8221; custom_padding=&#8221;0px||||false|false&#8221; global_colors_info=&#8221;{}&#8221;][et_pb_column type=&#8221;4_4&#8243; _builder_version=&#8221;4.21.0&#8243; _module_preset=&#8221;default&#8221; custom_css_main_element=&#8221;margin:auto;&#8221; global_colors_info=&#8221;{}&#8221;][et_pb_image src=&#8221;https:\/\/www.lidersport.com.br\/loja\/wp-content\/uploads\/2025\/11\/01.1-TAMANHO-INFANTIL-NOVO-2025-scaled.jpg&#8221; alt=&#8221;Lider Sport &#8211; uniformes esportivos &#8211; Tamanhos &#8211; Adulto Convencional&#8221; title_text=&#8221;01.1 &#8211; TAMANHO INFANTIL &#8211; NOVO 2025&#8243; url=&#8221;https:\/\/www.lidersport.com.br\/loja\/wp-content\/uploads\/2025\/11\/01.1-TAMANHO-INFANTIL-NOVO-2025-scaled.jpg&#8221; _builder_version=&#8221;4.27.4&#8243; _module_preset=&#8221;default&#8221; width=&#8221;50%&#8221; max_width=&#8221;68%&#8221; module_alignment=&#8221;center&#8221; custom_margin=&#8221;|322px||||&#8221; global_colors_info=&#8221;{}&#8221;][\/et_pb_image][\/et_pb_column][\/et_pb_row][\/et_pb_section]<\/p>\n<span class=\"et_bloom_bottom_trigger\"><\/span>","protected":false},"excerpt":{"rendered":"<p>TAMANHOS &amp; MEDIDAS Baixe e Compartilhe com a sua equipe as Tabelas de Tamanhos L\u00edder Sport Uniformes Esportivos.TAMANHOS MOLDE CONVENCIONALAten\u00e7\u00e3o: Medidas Aproximadas<\/p>\n","protected":false},"author":2,"featured_media":0,"parent":0,"menu_order":0,"comment_status":"closed","ping_status":"closed","template":"","meta":{"_et_pb_use_builder":"on","_et_pb_old_content":"","_et_gb_content_width":"","footnotes":""},"class_list":["post-609","page","type-page","status-publish","hentry"],"jetpack-related-posts":[{"id":47,"url":"https:\/\/www.lidersport.com.br\/loja\/contato\/","url_meta":{"origin":609,"position":0},"title":"Contato","author":"Lider Sport","date":"18\/04\/2023","format":false,"excerpt":"","rel":"","context":"Post similar","block_context":{"text":"Post similar","link":""},"img":{"alt_text":"","src":"","width":0,"height":0},"classes":[]},{"id":25,"url":"https:\/\/www.lidersport.com.br\/loja\/sobre\/","url_meta":{"origin":609,"position":1},"title":"Sobre","author":"Lider Sport","date":"18\/04\/2023","format":false,"excerpt":"","rel":"","context":"Post similar","block_context":{"text":"Post similar","link":""},"img":{"alt_text":"","src":"","width":0,"height":0},"classes":[]},{"id":45,"url":"https:\/\/www.lidersport.com.br\/loja\/bandeiras\/","url_meta":{"origin":609,"position":2},"title":"Bandeiras","author":"Lider Sport","date":"18\/04\/2023","format":false,"excerpt":"","rel":"","context":"Post similar","block_context":{"text":"Post similar","link":""},"img":{"alt_text":"","src":"","width":0,"height":0},"classes":[]},{"id":445,"url":"https:\/\/www.lidersport.com.br\/loja\/bandeira-escanteio\/","url_meta":{"origin":609,"position":3},"title":"Bandeira Escanteio","author":"Lider Sport","date":"09\/05\/2023","format":false,"excerpt":"","rel":"","context":"Post similar","block_context":{"text":"Post similar","link":""},"img":{"alt_text":"","src":"","width":0,"height":0},"classes":[]},{"id":44,"url":"https:\/\/www.lidersport.com.br\/loja\/bolsas\/","url_meta":{"origin":609,"position":4},"title":"Bolsas","author":"Lider Sport","date":"18\/04\/2023","format":false,"excerpt":"","rel":"","context":"Post similar","block_context":{"text":"Post similar","link":""},"img":{"alt_text":"","src":"","width":0,"height":0},"classes":[]},{"id":443,"url":"https:\/\/www.lidersport.com.br\/loja\/faixa-capitao\/","url_meta":{"origin":609,"position":5},"title":"Faixa Capit\u00e3o","author":"Lider Sport","date":"09\/05\/2023","format":false,"excerpt":"","rel":"","context":"Post similar","block_context":{"text":"Post similar","link":""},"img":{"alt_text":"","src":"","width":0,"height":0},"classes":[]}],"jetpack_sharing_enabled":true,"_links":{"self":[{"href":"https:\/\/www.lidersport.com.br\/loja\/wp-json\/wp\/v2\/pages\/609","targetHints":{"allow":["GET"]}}],"collection":[{"href":"https:\/\/www.lidersport.com.br\/loja\/wp-json\/wp\/v2\/pages"}],"about":[{"href":"https:\/\/www.lidersport.com.br\/loja\/wp-json\/wp\/v2\/types\/page"}],"author":[{"embeddable":true,"href":"https:\/\/www.lidersport.com.br\/loja\/wp-json\/wp\/v2\/users\/2"}],"replies":[{"embeddable":true,"href":"https:\/\/www.lidersport.com.br\/loja\/wp-json\/wp\/v2\/comments?post=609"}],"version-history":[{"count":51,"href":"https:\/\/www.lidersport.com.br\/loja\/wp-json\/wp\/v2\/pages\/609\/revisions"}],"predecessor-version":[{"id":2894,"href":"https:\/\/www.lidersport.com.br\/loja\/wp-json\/wp\/v2\/pages\/609\/revisions\/2894"}],"wp:attachment":[{"href":"https:\/\/www.lidersport.com.br\/loja\/wp-json\/wp\/v2\/media?parent=609"}],"curies":[{"name":"wp","href":"https:\/\/api.w.org\/{rel}","templated":true}]}}